{"id":130,"date":"2020-09-22T21:54:29","date_gmt":"2020-09-22T19:54:29","guid":{"rendered":"http:\/\/marat-budownictwo.pl\/?page_id=130"},"modified":"2020-10-19T20:08:40","modified_gmt":"2020-10-19T18:08:40","slug":"130-2","status":"publish","type":"page","link":"https:\/\/marat-budownictwo.pl\/?page_id=130","title":{"rendered":"O Firmie"},"content":{"rendered":"<p>[et_pb_section fb_built=&#8221;1&#8243; admin_label=&#8221;Hero&#8221; _builder_version=&#8221;3.22&#8243; use_background_color_gradient=&#8221;on&#8221; background_color_gradient_start=&#8221;rgba(40,40,40,0.79)&#8221; background_color_gradient_end=&#8221;rgba(40,40,40,0.86)&#8221; background_color_gradient_type=&#8221;radial&#8221; background_color_gradient_direction_radial=&#8221;top left&#8221; background_color_gradient_overlays_image=&#8221;on&#8221; background_image=&#8221;https:\/\/marat-budownictwo.pl\/wp-content\/uploads\/2020\/09\/construction-34.jpg&#8221; custom_margin=&#8221;||||false&#8221; custom_padding=&#8221;0vw||0vw||true|false&#8221;][et_pb_row _builder_version=&#8221;3.25&#8243;][et_pb_column type=&#8221;4_4&#8243; _builder_version=&#8221;3.25&#8243; custom_padding=&#8221;|||&#8221; custom_padding__hover=&#8221;|||&#8221;][et_pb_text _builder_version=&#8221;3.27.4&#8243; text_font=&#8221;||||||||&#8221; header_font=&#8221;Rubik|700|||||||&#8221; header_font_size=&#8221;64px&#8221; header_line_height=&#8221;1.1em&#8221; background_layout=&#8221;dark&#8221; max_width=&#8221;800px&#8221; custom_margin=&#8221;||0px|&#8221; custom_padding=&#8221;|||16px&#8221; text_font_size_tablet=&#8221;14px&#8221; text_font_size_last_edited=&#8221;off|desktop&#8221; header_font_size_tablet=&#8221;44px&#8221; header_font_size_phone=&#8221;32px&#8221; header_font_size_last_edited=&#8221;on|phone&#8221; border_color_all=&#8221;#ffb400&#8243; border_width_left=&#8221;10px&#8221;]<\/p>\n<h1>O Firmie<\/h1>\n<p>[\/et_pb_text][\/et_pb_column][\/et_pb_row][\/et_pb_section][et_pb_section fb_built=&#8221;1&#8243; admin_label=&#8221;Blog&#8221; _builder_version=&#8221;3.22&#8243; background_color=&#8221;#f7f7f7&#8243;][et_pb_row _builder_version=&#8221;3.25&#8243;][et_pb_column type=&#8221;4_4&#8243; _builder_version=&#8221;3.25&#8243; custom_padding=&#8221;|||&#8221; custom_padding__hover=&#8221;|||&#8221;][et_pb_text _builder_version=&#8221;4.6.3&#8243; text_font=&#8221;||||||||&#8221; header_font=&#8221;||||||||&#8221; header_2_font=&#8221;Rubik|700|||||||&#8221; header_2_font_size=&#8221;42px&#8221; header_2_line_height=&#8221;1.2em&#8221; custom_margin=&#8221;|||&#8221; custom_padding=&#8221;|||&#8221; header_2_font_size_tablet=&#8221;&#8221; header_2_font_size_phone=&#8221;36px&#8221; header_2_font_size_last_edited=&#8221;on|phone&#8221; locked=&#8221;off&#8221;]<\/p>\n<h2 style=\"text-align: center;\">Kilka s\u0142\u00f3w o nas<\/h2>\n<p>[\/et_pb_text][et_pb_divider color=&#8221;#ffb400&#8243; divider_position=&#8221;center&#8221; divider_weight=&#8221;5px&#8221; _builder_version=&#8221;3.9&#8243; max_width=&#8221;50px&#8221; module_alignment=&#8221;center&#8221; locked=&#8221;off&#8221;][\/et_pb_divider][\/et_pb_column][\/et_pb_row][et_pb_row _builder_version=&#8221;4.6.3&#8243; _module_preset=&#8221;default&#8221;][et_pb_column type=&#8221;4_4&#8243; _builder_version=&#8221;4.6.3&#8243; _module_preset=&#8221;default&#8221;][et_pb_text _builder_version=&#8221;4.6.3&#8243; _module_preset=&#8221;default&#8221; custom_padding=&#8221;||23px|||&#8221;]<\/p>\n<p style=\"padding-left: 30px; text-align: left;\"><span style=\"font-size: large;\"><\/span><\/p>\n<p style=\"padding-left: 30px; text-align: left;\"><span style=\"font-size: large;\">Firma \u015bwiadczy us\u0142ugi dla budownictwa zabytkowego i wsp\u00f3\u0142czesnego, murowanego jak i drewnianego, w sk\u0142ad kt\u00f3rego wchodz\u0105, ko\u015bcio\u0142y, dwory, pa\u0142ace, budynki u\u017cyteczno\u015bci publicznej, kamienice staromiejskie, budynki prywatne.<br \/><\/span><br \/><span style=\"font-size: large;\"><strong>Za\u0142o\u017cycielem firmy jest Wojciech Marat<\/strong>, kt\u00f3ry od ponad dw\u00f3ch dekad zajmuje si\u0119 trwa\u0142o\u015bci\u0105 budowli. Dotyczy to szczeg\u00f3lnie obiekt\u00f3w zabytkowych aby przysz\u0142e pokolenia mog\u0142y czerpa\u0107 informacj\u0119 i pi\u0119kno z rozwi\u0105za\u0144 architektoniczno \u2013 budowlanych dawnych mistrz\u00f3w. Wsp\u00f3\u0142pracujemy z o\u015brodkami naukowo &#8211; technicznymi. <\/span><\/p>\n<p style=\"padding-left: 30px; text-align: left;\"><span style=\"font-size: large;\">Prowadzimy us\u0142ugi na terenie ca\u0142ego kraju.<\/span><\/p>\n<p style=\"padding-left: 30px; text-align: left;\"><span style=\"font-size: large;\"><\/span><\/p>\n<p>[\/et_pb_text][et_pb_divider color=&#8221;#ffb400&#8243; divider_position=&#8221;center&#8221; divider_weight=&#8221;5px&#8221; _builder_version=&#8221;3.9&#8243; max_width=&#8221;50px&#8221; module_alignment=&#8221;center&#8221; locked=&#8221;off&#8221;][\/et_pb_divider][\/et_pb_column][\/et_pb_row][\/et_pb_section][et_pb_section fb_built=&#8221;1&#8243; _builder_version=&#8221;4.6.3&#8243; _module_preset=&#8221;default&#8221; background_color=&#8221;#2a2a2a&#8221; custom_padding=&#8221;0px||15px|||&#8221;][et_pb_row column_structure=&#8221;1_3,1_3,1_3&#8243; _builder_version=&#8221;4.6.3&#8243; _module_preset=&#8221;default&#8221; custom_padding=&#8221;||0px|||&#8221;][et_pb_column type=&#8221;1_3&#8243; _builder_version=&#8221;4.6.3&#8243; _module_preset=&#8221;default&#8221;][et_pb_blurb title=&#8221;+48 601-692-248&#8243; use_icon=&#8221;on&#8221; font_icon=&#8221;%%264%%&#8221; icon_color=&#8221;#ffffff&#8221; icon_placement=&#8221;left&#8221; use_icon_font_size=&#8221;on&#8221; icon_font_size=&#8221;23px&#8221; _builder_version=&#8221;4.6.3&#8243; _module_preset=&#8221;default&#8221; background_layout=&#8221;dark&#8221; custom_padding=&#8221;||0px|||&#8221;][\/et_pb_blurb][\/et_pb_column][et_pb_column type=&#8221;1_3&#8243; _builder_version=&#8221;4.6.3&#8243; _module_preset=&#8221;default&#8221;][et_pb_social_media_follow _builder_version=&#8221;4.6.4&#8243; _module_preset=&#8221;default&#8221;][et_pb_social_media_follow_network social_network=&#8221;facebook&#8221; url=&#8221;https:\/\/www.facebook.com\/MARAT-Budownictwo-Zabytkowe-i-Wsp\u00f3\u0142czesne-111529504013849\/?modal=admin_todo_tour&#8221; _builder_version=&#8221;4.6.4&#8243; _module_preset=&#8221;default&#8221; background_color=&#8221;#3b5998&#8243; follow_button=&#8221;off&#8221; url_new_window=&#8221;on&#8221;]facebook[\/et_pb_social_media_follow_network][\/et_pb_social_media_follow][\/et_pb_column][et_pb_column type=&#8221;1_3&#8243; _builder_version=&#8221;4.6.3&#8243; _module_preset=&#8221;default&#8221;][et_pb_blurb title=&#8221;kontakt@marat-budownictwo.pl&#8221; use_icon=&#8221;on&#8221; font_icon=&#8221;%%238%%&#8221; icon_color=&#8221;#ffffff&#8221; icon_placement=&#8221;left&#8221; use_icon_font_size=&#8221;on&#8221; icon_font_size=&#8221;23px&#8221; _builder_version=&#8221;4.6.3&#8243; _module_preset=&#8221;default&#8221; background_layout=&#8221;dark&#8221; custom_padding=&#8221;||0px|||&#8221; locked=&#8221;off&#8221;][\/et_pb_blurb][\/et_pb_column][\/et_pb_row][\/et_pb_section]<\/p>\n","protected":false},"excerpt":{"rendered":"<p>O FirmieKilka s\u0142\u00f3w o nas Firma \u015bwiadczy us\u0142ugi dla budownictwa zabytkowego i wsp\u00f3\u0142czesnego, murowanego jak i drewnianego, w sk\u0142ad kt\u00f3rego wchodz\u0105, ko\u015bcio\u0142y, dwory, pa\u0142ace, budynki u\u017cyteczno\u015bci publicznej, kamienice staromiejskie, budynki prywatne.Za\u0142o\u017cycielem firmy jest Wojciech Marat, kt\u00f3ry od ponad dw\u00f3ch dekad zajmuje si\u0119 trwa\u0142o\u015bci\u0105 budowli. Dotyczy to szczeg\u00f3lnie obiekt\u00f3w zabytkowych aby przysz\u0142e pokolenia mog\u0142y czerpa\u0107 informacj\u0119 [&hellip;]<\/p>\n","protected":false},"author":1,"featured_media":0,"parent":0,"menu_order":0,"comment_status":"closed","ping_status":"closed","template":"","meta":{"_et_pb_use_builder":"on","_et_pb_old_content":"","_et_gb_content_width":""},"_links":{"self":[{"href":"https:\/\/marat-budownictwo.pl\/index.php?rest_route=\/wp\/v2\/pages\/130"}],"collection":[{"href":"https:\/\/marat-budownictwo.pl\/index.php?rest_route=\/wp\/v2\/pages"}],"about":[{"href":"https:\/\/marat-budownictwo.pl\/index.php?rest_route=\/wp\/v2\/types\/page"}],"author":[{"embeddable":true,"href":"https:\/\/marat-budownictwo.pl\/index.php?rest_route=\/wp\/v2\/users\/1"}],"replies":[{"embeddable":true,"href":"https:\/\/marat-budownictwo.pl\/index.php?rest_route=%2Fwp%2Fv2%2Fcomments&post=130"}],"version-history":[{"count":14,"href":"https:\/\/marat-budownictwo.pl\/index.php?rest_route=\/wp\/v2\/pages\/130\/revisions"}],"predecessor-version":[{"id":440,"href":"https:\/\/marat-budownictwo.pl\/index.php?rest_route=\/wp\/v2\/pages\/130\/revisions\/440"}],"wp:attachment":[{"href":"https:\/\/marat-budownictwo.pl\/index.php?rest_route=%2Fwp%2Fv2%2Fmedia&parent=130"}],"curies":[{"name":"wp","href":"https:\/\/api.w.org\/{rel}","templated":true}]}}