{"id":158,"date":"2020-09-22T22:34:04","date_gmt":"2020-09-22T20:34:04","guid":{"rendered":"http:\/\/marat-budownictwo.pl\/?page_id=158"},"modified":"2020-09-25T09:48:25","modified_gmt":"2020-09-25T07:48:25","slug":"158-2","status":"publish","type":"page","link":"https:\/\/marat-budownictwo.pl\/?page_id=158","title":{"rendered":"Nasze Us\u0142ugi"},"content":{"rendered":"<p>[et_pb_section fb_built=&#8221;1&#8243; admin_label=&#8221;Hero&#8221; _builder_version=&#8221;3.22&#8243; use_background_color_gradient=&#8221;on&#8221; background_color_gradient_start=&#8221;rgba(40,40,40,0.79)&#8221; background_color_gradient_end=&#8221;rgba(40,40,40,0.86)&#8221; background_color_gradient_type=&#8221;radial&#8221; background_color_gradient_direction_radial=&#8221;top left&#8221; background_color_gradient_overlays_image=&#8221;on&#8221; background_image=&#8221;http:\/\/marat-budownictwo.pl\/wp-content\/uploads\/2020\/09\/construction-34.jpg&#8221; custom_margin=&#8221;||||false&#8221; custom_padding=&#8221;0vw||0vw||true|false&#8221;][et_pb_row _builder_version=&#8221;3.25&#8243;][et_pb_column type=&#8221;4_4&#8243; _builder_version=&#8221;3.25&#8243; custom_padding=&#8221;|||&#8221; custom_padding__hover=&#8221;|||&#8221;][et_pb_text _builder_version=&#8221;3.27.4&#8243; text_font=&#8221;||||||||&#8221; header_font=&#8221;Rubik|700|||||||&#8221; header_font_size=&#8221;64px&#8221; header_line_height=&#8221;1.1em&#8221; background_layout=&#8221;dark&#8221; max_width=&#8221;800px&#8221; custom_margin=&#8221;||0px|&#8221; custom_padding=&#8221;|||16px&#8221; text_font_size_tablet=&#8221;14px&#8221; text_font_size_last_edited=&#8221;off|desktop&#8221; header_font_size_tablet=&#8221;44px&#8221; header_font_size_phone=&#8221;32px&#8221; header_font_size_last_edited=&#8221;on|phone&#8221; border_color_all=&#8221;#ffb400&#8243; border_width_left=&#8221;10px&#8221;]<\/p>\n<h1>Nasze us\u0142ugi<\/h1>\n<p>[\/et_pb_text][\/et_pb_column][\/et_pb_row][\/et_pb_section][et_pb_section fb_built=&#8221;1&#8243; admin_label=&#8221;Blog&#8221; _builder_version=&#8221;3.22&#8243; background_color=&#8221;#f7f7f7&#8243;][et_pb_row _builder_version=&#8221;3.25&#8243;][et_pb_column type=&#8221;4_4&#8243; _builder_version=&#8221;3.25&#8243; custom_padding=&#8221;|||&#8221; custom_padding__hover=&#8221;|||&#8221;][et_pb_text _builder_version=&#8221;4.6.3&#8243; text_font=&#8221;||||||||&#8221; header_font=&#8221;||||||||&#8221; header_2_font=&#8221;Rubik|700|||||||&#8221; header_2_font_size=&#8221;42px&#8221; header_2_line_height=&#8221;1.2em&#8221; custom_margin=&#8221;|||&#8221; custom_padding=&#8221;|||&#8221; header_2_font_size_tablet=&#8221;&#8221; header_2_font_size_phone=&#8221;36px&#8221; header_2_font_size_last_edited=&#8221;on|phone&#8221; locked=&#8221;off&#8221;]<\/p>\n<h2 style=\"text-align: center;\">Zakres dzia\u0142alno\u015bci firmy<\/h2>\n<p>[\/et_pb_text][et_pb_divider color=&#8221;#ffb400&#8243; divider_position=&#8221;center&#8221; divider_weight=&#8221;5px&#8221; _builder_version=&#8221;3.9&#8243; max_width=&#8221;50px&#8221; module_alignment=&#8221;center&#8221; locked=&#8221;off&#8221;][\/et_pb_divider][\/et_pb_column][\/et_pb_row][et_pb_row _builder_version=&#8221;4.6.3&#8243; _module_preset=&#8221;default&#8221; custom_margin=&#8221;|auto|1px|auto||&#8221;][et_pb_column type=&#8221;4_4&#8243; _builder_version=&#8221;4.6.3&#8243; _module_preset=&#8221;default&#8221;][et_pb_text _builder_version=&#8221;4.6.3&#8243; _module_preset=&#8221;default&#8221; custom_padding=&#8221;5px||23px|||&#8221; inline_fonts=&#8221;ABeeZee&#8221;]<\/p>\n<p><span style=\"color: #0c71c3;\"><strong style=\"font-size: x-large;\">Ekspertyzy mykologiczno<\/strong><span style=\"font-size: x-large;\"> \u2013 <\/span><strong style=\"font-size: x-large;\">budowlane<\/strong><\/span><\/p>\n<p>\u00a0<span style=\"font-size: large;\">Walka z niechcianymi lokatorami, os\u0142abiaj\u0105cymi drewniane konstrukcje lub zagrzybion\u0105 powierzchni\u0105 to zaj\u0119cie uci\u0105\u017cliwe i wymagaj\u0105ce. Aby dzia\u0142a\u0107 efektywnie, nale\u017cy zawsze pozna\u0107 realny wymiar problemu. Ekspertyzy mykologiczne pozwalaj\u0105 na okre\u015blenie rozmiaru strat spowodowanych przez dzia\u0142alno\u015b\u0107 szkodnik\u00f3w drewna, grzyby i ple\u015b\u0144.<\/span><\/p>\n<p><span style=\"font-size: large;\">Wykonywane przez nasz\u0105 firm\u0119 ekspertyzy budowlane maj\u0105 na celu rozpoznanie stanu obiektu lub jego cz\u0119\u015bci oraz identyfikacj\u0119 wad w nim wyst\u0119puj\u0105cych. Stwierdzenie defekt\u00f3w wymaga z kolei poznania ich przyczyny.<\/span><\/p>\n<p><strong style=\"font-size: large;\">Nale\u017cy ustali\u0107 przyczyny powstawania uszkodze\u0144 i wad, dokona\u0107 analiz sprawdzaj\u0105cych:<\/strong><\/p>\n<ul>\n<li>\u00a0<span style=\"font-size: large;\">oblicze\u0144 statyczno-wytrzyma\u0142o\u015bciowych<\/span><\/li>\n<li><span style=\"font-size: large;\">oblicze\u0144 cieplno-wilgotno\u015bciowych<\/span><\/li>\n<li><span style=\"font-size: large;\">bada\u0144 wilgotno\u015bciowych mur\u00f3w i drewna<\/span><\/li>\n<li><span style=\"font-size: large;\">bada\u0144 chemicznych zasolenia mur\u00f3w<\/span><\/li>\n<li><span style=\"font-size: large;\">bada\u0144 mykologicznych<\/span><\/li>\n<li><span style=\"font-size: large;\">bada\u0144 endoskopowych<\/span><\/li>\n<li><span style=\"font-size: large;\">warunk\u00f3w gruntowo-wodnych<\/span><\/li>\n<li><span style=\"font-size: large;\">niezb\u0119dnych odkrywek<\/span><\/li>\n<li><span style=\"font-size: large;\">ogl\u0119dzin wewn\u0119trznych element\u00f3w budynku<\/span><\/li>\n<li><span style=\"font-size: large;\">ogl\u0119dzin zewn\u0119trznych element\u00f3w budynku<\/span><\/li>\n<\/ul>\n<p><span style=\"font-size: large;\"><strong>Podczas diagnostyki mykologicznej nale\u017cy oceni\u0107 wp\u0142yw czynnik\u00f3w negatywnych na trwa\u0142o\u015b\u0107 obiektu.<\/strong><\/span><\/p>\n<p><span style=\"font-size: large;\">Ekspertyzy mykologiczno-budowlane zalicza si\u0119 do jednych z bardziej z\u0142o\u017conych, poniewa\u017c przy ich opracowaniu potrzebna jest wiedza z zakresu budownictwa, mikrobiologii, biologii, chemii oraz fizyki. Je\u017celi ekspertyz\u0119 mykologiczn\u0105 wykonujemy w obiekcie zabytkowym, konieczna ponadto jest wiedza z dziedziny konserwatorstwa i zabytkoznawstwa architektury.<\/span><\/p>\n<p><span style=\"font-size: large;\"><strong>W ka\u017cdej ekspertyzie mykologicznej nale\u017cy uwzgl\u0119dnia\u0107 nowe rozwi\u0105zania technologiczne, takie jak szczelna stolarka okienna i drzwiowa czy znajomo\u015b\u0107 rynku chemii budowlanej.<\/strong><\/span><\/p>\n<p><span style=\"font-size: large;\">Gdy w budynku pojawia si\u0119 korozja biologiczna, powstaj\u0105 niekorzystne zmiany we w\u0142a\u015bciwo\u015bciach poszczeg\u00f3lnych element\u00f3w. Dlatego te\u017c przy opracowywaniu ekspertyz nale\u017cy przestrzega\u0107 zasad logiki, przek\u0142adaj\u0105cych si\u0119 na zale\u017cno\u015bci przyczynowo-skutkowe.Precyzyjne okre\u015blenie zakresu prac wymaga poprzedzaj\u0105cej je, szczeg\u00f3\u0142owej analizy wszystkich element\u00f3w przeprowadzonej ekspertyzy mykologicznej.<\/span><\/p>\n<p><span style=\"font-size: large;\">W ka\u017cdym przypadku merytoryczn\u0105 podstaw\u0119 opracowania stanowi\u0105:<\/span><\/p>\n<ul>\n<li><span style=\"font-size: large;\">wizja lokalna, badania, pomiary, szkice, wywiady z u\u017cytkownikiem, dokumentacja fotograficzna<\/span><\/li>\n<li><span style=\"font-size: large;\">rysunki techniczne<\/span><\/li>\n<li><span style=\"font-size: large;\">istniej\u0105ca dokumentacja<\/span><\/li>\n<li><span style=\"font-size: large;\">literatura<\/span><\/li>\n<\/ul>\n<p><span style=\"font-size: large;\"><strong>W przypadku stwierdzenia defekt\u00f3w stwarzaj\u0105cych zagro\u017cenie bezpiecze\u0144stwa u\u017cytkowania obiektu, nale\u017cy je udokumentowa\u0107 w formie opisowej i graficznej.<\/strong><\/span><\/p>\n<p><span style=\"font-size: large;\">Niedopuszczalna jest identyfikacja gatunku grzyb\u00f3w ple\u015bniowych makroskopowo. Nale\u017cy jasno okre\u015bli\u0107 podatno\u015b\u0107 miejsca na rozprzestrzenianie si\u0119 korozji biologicznej oraz dokona\u0107 metodycznej oceny, kt\u00f3re czynniki wp\u0142yn\u0119\u0142y na wyst\u0105pienie sprzyjaj\u0105cych warunk\u00f3w dla jej rozwoju.<\/span><\/p>\n<p><span style=\"font-size: large;\"><strong>Ustalenie przyczyn wyst\u0105pienia korozji biologicznej jest niezb\u0119dne przed rozpocz\u0119ciem prac remontowych.<\/strong><\/span><\/p>\n<p><span style=\"font-size: large;\">Naszym priorytetem jest realizacja zleconych us\u0142ug z uwzgl\u0119dnieniem indywidualnych potrzeb klienta. Si\u0119gamy po nowoczesne rozwi\u0105zania oraz sprz\u0119t pozwalaj\u0105cy na rzeteln\u0105 ocen\u0119 stanu przestrzeni w kr\u00f3tkim czasie.<\/span><\/p>\n<p>&nbsp;<\/p>\n<p>\u00a0<span style=\"color: #0c71c3; font-size: x-large;\"><strong>Nadzory budowlane inwestorskie<\/strong><\/span><\/p>\n<p>\u00a0<span style=\"font-size: large;\">Nadzory \u015bwiadczymy w Bran\u017cy konstrukcyjno \u2013 budowlanej, elektrycznej, sanitarnej\u00a0<\/span><\/p>\n<p>\u00a0<span style=\"color: #0c71c3; font-size: x-large;\"><strong>Przegl\u0105dy budowlane<\/strong><\/span><\/p>\n<p><span style=\"font-size: large;\">Przeprowadzamy okresowe przegl\u0105dy budynk\u00f3w, roczne i pi\u0119cioletnie zgodnie z<\/span><\/p>\n<ul>\n<li><span style=\"font-size: large;\">Ustawa z dnia 7 lipca 1994 r. Prawo budowlane (Dz.U. 1994 Nr 89 poz. 414),<\/span><\/li>\n<li><span style=\"font-size: large;\">Rozporz\u0105dzenie Ministra Spraw Wewn\u0119trznych i Administracji z dnia 16 sierpnia 1999 r. w sprawie warunk\u00f3w technicznych u\u017cytkowania budynk\u00f3w mieszkalnych (Dz.U. 1999 Nr 74 poz. 836),<\/span><\/li>\n<li><span style=\"font-size: large;\">Rozporz\u0105dzenie Ministra Infrastruktury z dnia 12 kwietnia 2002 r. w sprawie warunk\u00f3w technicznych, jakim powinny odpowiada\u0107 budynki i ich usytuowanie (Dz.U. 2002 nr 75 poz. 690).<\/span><strong style=\"font-size: x-large;\"><\/strong><\/li>\n<\/ul>\n<p><span style=\"color: #0c71c3; font-size: x-large;\"><strong><\/strong><\/span><\/p>\n<p><span style=\"color: #0c71c3;\">\u00a0<strong style=\"font-size: x-large;\">Kosztorysy budowlane<\/strong><\/span><\/p>\n<p><span style=\"color: #0c71c3;\">\u00a0<strong style=\"font-size: x-large;\"><span style=\"font-family: inherit;\">Wynajem specjalistycznych urz\u0105dze\u0144 do odci\u0105gania z przegr\u00f3d budowlanych\u00a0<br \/><\/span><\/strong><strong style=\"font-size: x-large;\"><span style=\"font-family: inherit;\">wilgoci\/ wody po zalaniach (posadzki, stropy, mury<\/span>)<\/strong><\/span><\/p>\n<p>&nbsp;<\/p>\n<p>[\/et_pb_text][et_pb_divider color=&#8221;#ffb400&#8243; divider_position=&#8221;center&#8221; divider_weight=&#8221;5px&#8221; _builder_version=&#8221;3.9&#8243; max_width=&#8221;50px&#8221; module_alignment=&#8221;center&#8221; locked=&#8221;off&#8221;][\/et_pb_divider][\/et_pb_column][\/et_pb_row][\/et_pb_section][et_pb_section fb_built=&#8221;1&#8243; _builder_version=&#8221;4.6.3&#8243; _module_preset=&#8221;default&#8221; background_color=&#8221;#2a2a2a&#8221; custom_padding=&#8221;0px||15px|||&#8221;][et_pb_row column_structure=&#8221;1_3,1_3,1_3&#8243; _builder_version=&#8221;4.6.3&#8243; _module_preset=&#8221;default&#8221; custom_padding=&#8221;||0px|||&#8221;][et_pb_column type=&#8221;1_3&#8243; _builder_version=&#8221;4.6.3&#8243; _module_preset=&#8221;default&#8221;][et_pb_blurb title=&#8221;+48 601-692-248&#8243; use_icon=&#8221;on&#8221; font_icon=&#8221;%%264%%&#8221; icon_color=&#8221;#ffffff&#8221; icon_placement=&#8221;left&#8221; use_icon_font_size=&#8221;on&#8221; icon_font_size=&#8221;23px&#8221; _builder_version=&#8221;4.6.3&#8243; _module_preset=&#8221;default&#8221; background_layout=&#8221;dark&#8221; custom_padding=&#8221;||0px|||&#8221;][\/et_pb_blurb][\/et_pb_column][et_pb_column type=&#8221;1_3&#8243; _builder_version=&#8221;4.6.3&#8243; _module_preset=&#8221;default&#8221;][et_pb_social_media_follow _builder_version=&#8221;4.6.4&#8243; _module_preset=&#8221;default&#8221; hover_enabled=&#8221;0&#8243; sticky_enabled=&#8221;0&#8243;][et_pb_social_media_follow_network social_network=&#8221;facebook&#8221; _builder_version=&#8221;4.6.4&#8243; _module_preset=&#8221;default&#8221; background_color=&#8221;#3b5998&#8243; hover_enabled=&#8221;0&#8243; follow_button=&#8221;off&#8221; url_new_window=&#8221;on&#8221; url=&#8221;https:\/\/www.facebook.com\/MARAT-Budownictwo-Zabytkowe-i-Wsp\u00f3\u0142czesne-111529504013849\/?modal=admin_todo_tour&#8221; sticky_enabled=&#8221;0&#8243;]facebook[\/et_pb_social_media_follow_network][\/et_pb_social_media_follow][\/et_pb_column][et_pb_column type=&#8221;1_3&#8243; _builder_version=&#8221;4.6.3&#8243; _module_preset=&#8221;default&#8221;][et_pb_blurb title=&#8221;kontakt@marat-budownictwo.pl&#8221; use_icon=&#8221;on&#8221; font_icon=&#8221;%%238%%&#8221; icon_color=&#8221;#ffffff&#8221; icon_placement=&#8221;left&#8221; use_icon_font_size=&#8221;on&#8221; icon_font_size=&#8221;23px&#8221; _builder_version=&#8221;4.6.3&#8243; _module_preset=&#8221;default&#8221; background_layout=&#8221;dark&#8221; custom_padding=&#8221;||0px|||&#8221; locked=&#8221;off&#8221;][\/et_pb_blurb][\/et_pb_column][\/et_pb_row][\/et_pb_section]<\/p>\n","protected":false},"excerpt":{"rendered":"<p>Nasze us\u0142ugiZakres dzia\u0142alno\u015bci firmyEkspertyzy mykologiczno \u2013 budowlane \u00a0Walka z niechcianymi lokatorami, os\u0142abiaj\u0105cymi drewniane konstrukcje lub zagrzybion\u0105 powierzchni\u0105 to zaj\u0119cie uci\u0105\u017cliwe i wymagaj\u0105ce. Aby dzia\u0142a\u0107 efektywnie, nale\u017cy zawsze pozna\u0107 realny wymiar problemu. Ekspertyzy mykologiczne pozwalaj\u0105 na okre\u015blenie rozmiaru strat spowodowanych przez dzia\u0142alno\u015b\u0107 szkodnik\u00f3w drewna, grzyby i ple\u015b\u0144. Wykonywane przez nasz\u0105 firm\u0119 ekspertyzy budowlane maj\u0105 na celu [&hellip;]<\/p>\n","protected":false},"author":1,"featured_media":0,"parent":0,"menu_order":0,"comment_status":"closed","ping_status":"closed","template":"","meta":{"_et_pb_use_builder":"on","_et_pb_old_content":"","_et_gb_content_width":""},"_links":{"self":[{"href":"https:\/\/marat-budownictwo.pl\/index.php?rest_route=\/wp\/v2\/pages\/158"}],"collection":[{"href":"https:\/\/marat-budownictwo.pl\/index.php?rest_route=\/wp\/v2\/pages"}],"about":[{"href":"https:\/\/marat-budownictwo.pl\/index.php?rest_route=\/wp\/v2\/types\/page"}],"author":[{"embeddable":true,"href":"https:\/\/marat-budownictwo.pl\/index.php?rest_route=\/wp\/v2\/users\/1"}],"replies":[{"embeddable":true,"href":"https:\/\/marat-budownictwo.pl\/index.php?rest_route=%2Fwp%2Fv2%2Fcomments&post=158"}],"version-history":[{"count":6,"href":"https:\/\/marat-budownictwo.pl\/index.php?rest_route=\/wp\/v2\/pages\/158\/revisions"}],"predecessor-version":[{"id":298,"href":"https:\/\/marat-budownictwo.pl\/index.php?rest_route=\/wp\/v2\/pages\/158\/revisions\/298"}],"wp:attachment":[{"href":"https:\/\/marat-budownictwo.pl\/index.php?rest_route=%2Fwp%2Fv2%2Fmedia&parent=158"}],"curies":[{"name":"wp","href":"https:\/\/api.w.org\/{rel}","templated":true}]}}